{"id":5878,"date":"2013-02-18T00:20:42","date_gmt":"2013-02-17T23:20:42","guid":{"rendered":"https:\/\/www.hospicjumcieszyn.pl\/historia\/"},"modified":"2022-05-30T22:51:03","modified_gmt":"2022-05-30T20:51:03","slug":"geschichte","status":"publish","type":"page","link":"https:\/\/www.hospicjumcieszyn.pl\/de\/geschichte\/","title":{"rendered":"Geschichte"},"content":{"rendered":"\n<h2 class=\"wp-block-heading\">Die Welt<\/h2>\n\n\n\n<p id=\"E49\">Die Idee einer Hospizbewegung entstand vor langer Zeit. Bereits im IV. und V. Jahrhundert gab es Vorschriften f\u00fcr Armenh\u00e4user. Das Wort <em>hospes<\/em> bedeutet auf Lateinisch der Gast. Man k\u00f6nnte sagen, dass Hospize bis ins Mittelalter zur\u00fcckreichen. In dieser Zeit wurde die Pilgerbewegung sehr popul\u00e4r (Rom, Jerusalem, Santiago de Compostela). Wandernde Pilger wurden in Kl\u00f6stern, Gasth\u00f6fen und Herbergen versorgt, die auch einen Dienst der Barmherzigkeit f\u00fcr Kranke und Sterbende leisteten. In Frankreich nannte man solche Pl\u00e4tze \u201eSchutzraum des guten Gottes&#8221;. Die folgenden Jahrhunderte und die Entwicklung der Medizin trennten schlie\u00dflich die Krankenhausbehandlung von der Sozialf\u00fcrsorge. Hospizpflege bedeutet die aktive und umfassende Betreuung von Patienten mit chronischen und fortschreitenden Krankheiten. Auf ihrer Grundlage wurde die Palliativmedizin (<em>pallium<\/em> \u2013 lat. Mantel) entwickelt, die Patienten in fortgeschrittenen Krebsstadien versorgt.<\/p>\n\n\n\n<p id=\"E63\">Nach dem Zweiten Weltkrieg wurde die Engl\u00e4nderin Cecily Sauders (1918-2005) Pionierin der Hospizbewegung. Mit Beharrlichkeit und Ausdauer gr\u00fcndete sie das erste St. Christopher&#8217;s Hospiz in London (1967), das noch heute besteht.<\/p>\n\n\n\n<h2 class=\"wp-block-heading\">Polen<\/h2>\n\n\n\n<p>Hanna Chrzanowska (1902-1973) \u2013 Krankenschwester, Stipendiatin der Rockefeller-Stiftung und Dozentin an der Universit\u00e4tskrankenpflegeschule in Krakau, wurde zu einer herausragenden Pers\u00f6nlichkeit der h\u00e4uslichen Krankenpflege in Polen. Die erste Einrichtung, das St. Lazarus Hospiz, wurde 1981 in Krakau gegr\u00fcndet. Danach entstanden Hospize u. a. in Danzig, Posen, Bialystok, Lublin, Warschau und Kattowitz. Heutzutage gibt es in Polen etwa 200 Hospizeinrichtungen (darunter fast 100 Teams der h\u00e4uslichen Pflege, 12 Tagespflegeeinrichtungen und \u00fcber 30 station\u00e4re Hospize). Die in den letzten Jahrzehnten dynamische Entwicklung der Hospiz- und Palliativversorgung stellt unser Land an die Spitze Europas.<\/p>\n\n\n\n<h2 class=\"wp-block-heading\">Teschen<\/h2>\n\n\n\n<p>Der erste Gedanke, in Teschener Schlesien ein Hospiz zu gr\u00fcnden, kam 1997 auf. Die Initiatoren waren damals der Kaplan des Schlesischen Krankenhauses &#8211; Priester Miros\u0142aw Szewieczek, Dr. Tadeusz Niwi\u0144ski und die evangelische Theologin &#8211; Janina Bruellowa. Jeder hat sich geistig f\u00fcr Kranke eingesetzt, obwohl jeder im Rahmen seiner eigenen Religion, weshalb es von Anfang an eine \u00f6kumenische Initiative war. Die Registrierung des Vereins der Freunde der Kranken des Lukas Evangelisten Hospizes fand 1998 im Bezirksgericht in Bielsko-Bia\u0142a statt. Zu Beginn gab es gro\u00dfe Unterst\u00fctzung von Vertretern des St. Kamillus Hospizes in Bielsko-Bia\u0142a. Die Stadt Teschen stellte die R\u00e4umlichkeiten zur Verf\u00fcgung und gew\u00e4hrte einen finanziellen Zuschuss f\u00fcr die Ausbildung nichtmedizinischer Freiwillige. Das Teschener Hospiz betreut krebskranke Menschen, haupts\u00e4chlich aus dem Bezirk Teschen. Es bietet Kranken und ihren Familien medizinische, psychologische und seelische Hilfe. Es k\u00fcmmert sich besonders um die von Patienten verwaisten Kinder. Seit vielen Jahren funktioniert bei dem Verein auch ein Lagerraum f\u00fcr medizinische Ausr\u00fcstung. Der Einsatz von Freiwilligen und die Unterst\u00fctzung der lokalen Gesellschaft erm\u00f6glichen die Organisation von vielen Aktionen und Kampagnen (Hospiz bedeutet auch Leben, Valentinskonzert, Felder der Hoffnung). Seit 2010 ist das Teschener Hospiz eine gemeinn\u00fctzige Organisation.<\/p>\n","protected":false},"excerpt":{"rendered":"<p>Die Welt Die Idee einer Hospizbewegung entstand vor langer Zeit. Bereits im IV. und V. Jahrhundert gab es Vorschriften f\u00fcr Armenh\u00e4user. Das Wort hospes bedeutet auf Lateinisch der Gast. Man k\u00f6nnte sagen, dass Hospize bis ins Mittelalter zur\u00fcckreichen. In dieser Zeit wurde die Pilgerbewegung sehr popul\u00e4r (Rom, Jerusalem, Santiago de Compostela). Wandernde Pilger wurden in &#8230; <a title=\"Geschichte\" class=\"read-more\" href=\"https:\/\/www.hospicjumcieszyn.pl\/de\/geschichte\/\" aria-label=\"Mehr dazu unter Geschichte\">Weiterlesen<\/a><\/p>\n","protected":false},"author":1,"featured_media":0,"parent":0,"menu_order":0,"comment_status":"closed","ping_status":"closed","template":"","meta":{"footnotes":""},"acf":[],"_links":{"self":[{"href":"https:\/\/www.hospicjumcieszyn.pl\/de\/wp-json\/wp\/v2\/pages\/5878"}],"collection":[{"href":"https:\/\/www.hospicjumcieszyn.pl\/de\/wp-json\/wp\/v2\/pages"}],"about":[{"href":"https:\/\/www.hospicjumcieszyn.pl\/de\/wp-json\/wp\/v2\/types\/page"}],"author":[{"embeddable":true,"href":"https:\/\/www.hospicjumcieszyn.pl\/de\/wp-json\/wp\/v2\/users\/1"}],"replies":[{"embeddable":true,"href":"https:\/\/www.hospicjumcieszyn.pl\/de\/wp-json\/wp\/v2\/comments?post=5878"}],"version-history":[{"count":1,"href":"https:\/\/www.hospicjumcieszyn.pl\/de\/wp-json\/wp\/v2\/pages\/5878\/revisions"}],"predecessor-version":[{"id":6215,"href":"https:\/\/www.hospicjumcieszyn.pl\/de\/wp-json\/wp\/v2\/pages\/5878\/revisions\/6215"}],"wp:attachment":[{"href":"https:\/\/www.hospicjumcieszyn.pl\/de\/wp-json\/wp\/v2\/media?parent=5878"}],"curies":[{"name":"wp","href":"https:\/\/api.w.org\/{rel}","templated":true}]}}