{"id":6652,"date":"2013-02-18T00:20:55","date_gmt":"2013-02-17T23:20:55","guid":{"rendered":"https:\/\/www.hospicjumcieszyn.pl\/dziekujemy\/"},"modified":"2022-05-30T22:56:38","modified_gmt":"2022-05-30T20:56:38","slug":"dankeschon","status":"publish","type":"page","link":"https:\/\/www.hospicjumcieszyn.pl\/de\/dankeschon\/","title":{"rendered":"Dankesch\u00f6n"},"content":{"rendered":"\n<p>Wir danken den Spendern, die unser Hospiz unterst\u00fctzt haben:<\/p>\n\n\n\n<h3 class=\"wp-block-heading\">Einzelpersonen:<\/h3>\n\n\n\n<ul><li><span style=\"font-family: inherit; line-height: 1.6;\">Andrzej Banert<\/span><\/li><li>Kinga Bojda-Mglej<\/li><li><span style=\"font-family: inherit; line-height: 1.6;\">Zdzis\u0142aw Bogdanowicz<\/span><\/li><li><span style=\"font-family: inherit; line-height: 1.6;\">Andrzej Bruell<\/span><\/li><li><span style=\"font-family: inherit; line-height: 1.6;\">Ewa Budniak<\/span><\/li><li>Aleksandra i Marek Dr\u00f3\u017cd\u017c<\/li><li>Mrs. Christine Duncan<\/li><li>Marta i Piotr Foix-Czopi\u0144scy<\/li><li><span style=\"font-family: inherit; line-height: 1.6;\">J\u00f3zef Foltyn<\/span><\/li><li>Teresa i Krzysztof G\u0142azowscy<\/li><li><span style=\"font-family: inherit; line-height: 1.6;\">Agnieszka Gociek<\/span><\/li><li>Janina Gotszling<\/li><li><span style=\"font-family: inherit; line-height: 1.6;\">Gabriela Grzybek<\/span><\/li><li><span style=\"font-family: inherit; line-height: 1.6;\">Anna i Andrzej Hampel<\/span><\/li><li>Joanna i Szymon Haratyk<\/li><li>Anna i Tomasz Hubczyk<\/li><li><span style=\"font-family: inherit; line-height: 1.6;\">Dorota Janczar<\/span><\/li><li>Anna i Bart\u0142omiej Juroszek<\/li><li>Monika Juroszek<\/li><li><span style=\"font-family: inherit; line-height: 1.6;\">Helena Kania<\/span><\/li><li><span style=\"font-family: inherit; line-height: 1.6;\">Barbara Kantor<\/span><\/li><li>Dagmara i Marcin K\u0119dra<\/li><li>Sebastian Kostka<\/li><li><span style=\"font-family: inherit; line-height: 1.6;\">Magdalena Kotulak<\/span><\/li><li><span style=\"font-family: inherit; line-height: 1.6;\">Agnieszka Kozie\u0142<\/span><\/li><li><span style=\"font-family: inherit; line-height: 1.6;\">Halina i Henryk Kubeczka<\/span><\/li><li><span style=\"font-family: inherit; line-height: 1.6;\">Sylwia Kubeczka<\/span><\/li><li>Katarzyna i S\u0142awomir \u0141agowscy<\/li><li><span style=\"font-family: inherit; line-height: 1.6;\">Maria Michalska<\/span><\/li><li>Renata Milerska-\u017by\u0142a<\/li><li><span style=\"font-family: inherit; line-height: 1.6;\">Jerzy Molin<\/span><\/li><li><span style=\"font-family: inherit; line-height: 1.6;\">Urszula Morcinek<\/span><\/li><li><span style=\"font-family: inherit; line-height: 1.6;\">Eugeniusz Nowak<\/span><\/li><li><span style=\"font-family: inherit; line-height: 1.6;\">Dariusz Orszulik<\/span><\/li><li><span style=\"font-family: inherit; line-height: 1.6;\">Anna O\u017cana<\/span><\/li><li><span style=\"font-family: inherit; line-height: 1.6;\">Maria i Idzi Panic<\/span><\/li><li><span style=\"font-family: inherit; line-height: 1.6;\">Barbara Pe\u0142czy\u0144ska<\/span><\/li><li>Katarzyna i Krzysztof Pieciun<\/li><li><span style=\"font-family: inherit; line-height: 1.6;\">El\u017cbieta i Zbigniew Pieczonka<\/span><\/li><li><span style=\"font-family: inherit; line-height: 1.6;\">Emil Pniok<\/span><\/li><li><span style=\"font-family: inherit; line-height: 1.6;\">Jakub Puczek<\/span><\/li><li>Joachim Puczok<\/li><li><span style=\"font-family: inherit; line-height: 1.6;\">Katarzyna Rogalska<\/span><\/li><li>Jagoda i Artur Sikora<\/li><li><span style=\"font-family: inherit; line-height: 1.6;\">Mieczys\u0142awa Ska\u0142ka<\/span><\/li><li><span style=\"font-family: inherit; line-height: 1.6;\">Urszula Sk\u00f3rka<\/span><\/li><li><span style=\"font-family: inherit; line-height: 1.6;\">Waldemar Sobieski<\/span><\/li><li>Martyna i Jakub Strz\u0105ska<\/li><li><span style=\"font-family: inherit; line-height: 1.6;\">Jadwiga i J\u00f3zef Swako\u0144<\/span><\/li><li><span style=\"font-family: inherit; line-height: 1.6;\">Jan Szewczyk<\/span><\/li><li><span style=\"font-family: inherit; line-height: 1.6;\">Bronis\u0142aw Szpak<\/span><\/li><li><span style=\"font-family: inherit; line-height: 1.6;\">Pawe\u0142 \u015aliwka<\/span><\/li><li><span style=\"font-family: inherit; line-height: 1.6;\">Romana Szmidt-Kr\u00f3l<\/span><\/li><li>ks. Jakub Tomica<\/li><li><span style=\"font-family: inherit; line-height: 1.6;\">Gertruda i Bronis\u0142aw Urbaczka<\/span><\/li><li>Jolanta i Pawe\u0142 Wilczek<\/li><li><span style=\"font-family: inherit; line-height: 1.6;\">Monika i Micha\u0142 Wira<\/span><\/li><li><span style=\"font-family: inherit; line-height: 1.6;\">Stefania Wojnar<\/span><\/li><li>Agnieszka i Wojciech Zo\u0144<\/li><li><span style=\"font-family: inherit; line-height: 1.6;\">Hubert i B\u0142a\u017cej \u017bertka<\/span><\/li><li><span style=\"font-family: inherit; line-height: 1.6;\">Piotr \u017by\u0142a<\/span><\/li><\/ul>\n\n\n\n<h3 class=\"wp-block-heading\">Unternehmen und Institutionen:<\/h3>\n\n\n\n<ul><li><span style=\"font-family: inherit; line-height: 1.6;\">II LO im.M.Kopernika w Cieszynie<\/span><\/li><li>ALFA&nbsp; Anna Jurasz Sosnowiec<\/li><li><span style=\"font-family: inherit; line-height: 1.6;\">Zak\u0142ad Budynk\u00f3w Miejskich w Cieszynie<\/span><\/li><li><span style=\"font-family: inherit; line-height: 1.6;\">Starostwo Powiatowe w Cieszynie<\/span><\/li><li><span style=\"font-family: inherit; line-height: 1.6;\">Gmina Cieszyn<\/span><\/li><li><span style=\"font-family: inherit; line-height: 1.6;\">Cafe Muzeum w Cieszynie<\/span><\/li><li><span style=\"font-family: inherit; line-height: 1.6;\">Firma \u201eELSET\u201d &#8211; Cieszyn<\/span><\/li><li><span style=\"font-family: inherit; line-height: 1.6;\">Hurtownia drobiu \u201ePACUT\u201d &#8211; Cieszyn<\/span><\/li><li><span style=\"font-family: inherit; line-height: 1.6;\">Firma Handlowo-Produkcyjna AP Polska s.c. ZHIWEI Shen Ustro\u0144<\/span><\/li><li><span style=\"font-family: inherit; line-height: 1.6;\">LAKMA \u2013 Cieszyn<\/span><\/li><li><span style=\"font-family: inherit; line-height: 1.6;\">DIEHL &#8211; Ba\u017canowice<\/span><\/li><li><span style=\"font-family: inherit; line-height: 1.6;\">Pracownia Geodezyjna \u2013 Wis\u0142a<\/span><\/li><li><span style=\"font-family: inherit; line-height: 1.6;\">WISPOL &#8211; Cieszyn<\/span><\/li><li><span style=\"font-family: inherit; line-height: 1.6;\">\u201eFirma Steps\u201d Nauczanie J\u0119zyka Angielskiego Magdalena Kubeczka<\/span><\/li><li><span style=\"font-family: inherit; line-height: 1.6;\">Sklep Elektryczno-Instalacyjny i W\u0119dkarski Ilona Gomola \u2013 Mnich<\/span><\/li><li><span style=\"font-family: inherit; line-height: 1.6;\">\u201eNiko\u201d Pracownia Reklamy Niko\u0142aj i Danuta Donczew &#8211; Ustro\u0144<\/span><\/li><li><span style=\"font-family: inherit; line-height: 1.6;\">Kwiaciarnia \u201eMariusz\u201d Cieszyn<\/span><\/li><li><span style=\"font-family: inherit; line-height: 1.6;\">Kancelaria Notarialna Halina Klinik Cieszyn<\/span><\/li><li><span style=\"font-family: inherit; line-height: 1.6;\">Hurtownia &#8220;Beskid&#8221;<\/span><\/li><li><span style=\"font-family: inherit; line-height: 1.6;\">Restauracja \u201eTw\u00f3j Zak\u0105tek&#8221; w Cieszynie<\/span><\/li><li>Piotr Gorewoda &#8211; Projektowanie i Nadzory Budowlane<\/li><li>Energetyka Cieszy\u0144ska<\/li><li>Elektrometal S. A. Cieszyn<\/li><li>PPG S. A.<\/li><li>MERKURY MARKET Krosno<\/li><li>Fundacja &#8220;Babci Aliny&#8221;<\/li><li>Zesp\u00f3\u0142 &#8220;WA\u0141ASI&#8221;<\/li><li>Stowarzyszenie SCI<\/li><li>Cukiernia &#8220;Bajka&#8221;<\/li><li>Cukiernia &#8220;Wi\u015blanka&#8221;<\/li><li>Sklep &#8220;MONIK Styl&#8221;<\/li><li>Restauracja &#8220;Trzech Braci&#8221; w Cieszynie<\/li><li>G\u0142os Ziemi Cieszy\u0144skiej<\/li><li>Zamek Cieszyn<\/li><li>EURO.NET.PL Sp.z o.o. Cieszyn<\/li><\/ul>\n\n\n\n<p>Wir m\u00f6chten uns auch bei allen bedanken, die 1% ihrer Steuer an unseren Verein gespendet haben!<\/p>\n","protected":false},"excerpt":{"rendered":"<p>Wir danken den Spendern, die unser Hospiz unterst\u00fctzt haben: Einzelpersonen: Andrzej Banert Kinga Bojda-Mglej Zdzis\u0142aw Bogdanowicz Andrzej Bruell Ewa Budniak Aleksandra i Marek Dr\u00f3\u017cd\u017c Mrs. Christine Duncan Marta i Piotr Foix-Czopi\u0144scy J\u00f3zef Foltyn Teresa i Krzysztof G\u0142azowscy Agnieszka Gociek Janina Gotszling Gabriela Grzybek Anna i Andrzej Hampel Joanna i Szymon Haratyk Anna i Tomasz Hubczyk &#8230; <a title=\"Dankesch\u00f6n\" class=\"read-more\" href=\"https:\/\/www.hospicjumcieszyn.pl\/de\/dankeschon\/\" aria-label=\"Mehr dazu unter Dankesch\u00f6n\">Weiterlesen<\/a><\/p>\n","protected":false},"author":1,"featured_media":10866,"parent":0,"menu_order":0,"comment_status":"closed","ping_status":"closed","template":"","meta":{"footnotes":""},"acf":[],"_links":{"self":[{"href":"https:\/\/www.hospicjumcieszyn.pl\/de\/wp-json\/wp\/v2\/pages\/6652"}],"collection":[{"href":"https:\/\/www.hospicjumcieszyn.pl\/de\/wp-json\/wp\/v2\/pages"}],"about":[{"href":"https:\/\/www.hospicjumcieszyn.pl\/de\/wp-json\/wp\/v2\/types\/page"}],"author":[{"embeddable":true,"href":"https:\/\/www.hospicjumcieszyn.pl\/de\/wp-json\/wp\/v2\/users\/1"}],"replies":[{"embeddable":true,"href":"https:\/\/www.hospicjumcieszyn.pl\/de\/wp-json\/wp\/v2\/comments?post=6652"}],"version-history":[{"count":1,"href":"https:\/\/www.hospicjumcieszyn.pl\/de\/wp-json\/wp\/v2\/pages\/6652\/revisions"}],"predecessor-version":[{"id":6654,"href":"https:\/\/www.hospicjumcieszyn.pl\/de\/wp-json\/wp\/v2\/pages\/6652\/revisions\/6654"}],"wp:featuredmedia":[{"embeddable":true,"href":"https:\/\/www.hospicjumcieszyn.pl\/de\/wp-json\/wp\/v2\/media\/10866"}],"wp:attachment":[{"href":"https:\/\/www.hospicjumcieszyn.pl\/de\/wp-json\/wp\/v2\/media?parent=6652"}],"curies":[{"name":"wp","href":"https:\/\/api.w.org\/{rel}","templated":true}]}}