{"id":6662,"date":"2013-02-24T20:20:12","date_gmt":"2013-02-24T19:20:12","guid":{"rendered":"https:\/\/www.hospicjumcieszyn.pl\/magazyny-sprzetu\/"},"modified":"2022-05-30T23:23:05","modified_gmt":"2022-05-30T21:23:05","slug":"geratelager","status":"publish","type":"page","link":"https:\/\/www.hospicjumcieszyn.pl\/de\/geratelager\/","title":{"rendered":"Ger\u00e4telager"},"content":{"rendered":"\n<p>Das Hospiz verf\u00fcgt \u00fcber medizinische Ausr\u00fcstung (darunter Rollst\u00fchle, Sauerstoffkonzentratoren, Anti-Dekubitus-Matratzen, Absaugger\u00e4te, ferngesteuerte Betten, Gehhilfen). Eine kostenlose Ausleihe ist w\u00e4hrend der Sprechzeiten dienstags m\u00f6glich 15.30-16.30 oder nach vorheriger telefonischer Absprache &#8211; 33 8 514 514. F\u00fcr Krebspatienten wird die Ausr\u00fcstung zun\u00e4chst und ohne zeitliche Begrenzung gemietet, f\u00fcr andere Patienten &#8211; f\u00fcr maximal 2 Jahre, sofern wir die Ausr\u00fcstung derzeit zur Verf\u00fcgung haben. Das Lager befindet sich in Cieszyn an der ul. Katowicka 71 (bei der Wechselstube &#8220;Korona&#8221;).<\/p>\n\n\n<div id=\"lmm_8ca3c434\" style=\"width:100%;\" class=\"mapsmarker markermap marker-1\">\n<div id=\"lmm_panel_8ca3c434\" class=\"lmm-panel\" style=\"background:#efefef;\">\n<div id=\"lmm_panel_api_8ca3c434\" class=\"lmm-panel-api\"><a href=\"https:\/\/maps.google.com\/maps?daddr=49.770920,18.636653&amp;t=m&amp;layer=1&amp;doflg=ptk&amp;om=0\" target=\"_blank\" title=\"Wegbeschreibung berechnen\"><img loading=\"lazy\" decoding=\"async\" alt=\"icon-car.png\" src=\"https:\/\/www.hospicjumcieszyn.pl\/wp-content\/plugins\/leaflet-maps-marker\/inc\/img\/icon-car.png\" width=\"14\" height=\"14\" class=\"lmm-panel-api-images\" \/><\/a><\/div><div id=\"lmm_panel_text_8ca3c434\" class=\"lmm-panel-text\" style=\"font-weight:bold;color:#373737;\">Magazyn sprz\u0119tu (ul. Katowicka 71)<\/div><\/div>\n<div id=\"lmm_map_8ca3c434\" class=\"lmm-map\" style=\"background:#f6f6f6;border:1px solid #ccc;height:500px; overflow:hidden;padding:0;\"><p style=\"font-size:80%;color:#9f9e9e;margin-left:5px;\">Karte wird geladen - bitte warten...<noscript><br\/><strong>Karte konnte nicht geladen werden - bitte aktivieren Sie Javascript!<\/strong><br\/><a style=\"text-decoration:none;\" href=\"https:\/\/www.mapsmarker.com\/js-disabled\" target=\"_blank\">&rarr; Weitere Informationen<\/a><\/noscript><\/p><\/div>\n<div id=\"lmm_geo_tags_8ca3c434\" class=\"lmm-geo-tags geo\">\n<span class=\"paneltext\">Magazyn sprz\u0119tu (ul. Katowicka 71)<\/span>\n<span class=\"latitude\">49.770920<\/span>, <span class=\"longitude\">18.636653<\/span>\n<span class=\"popuptext\"><\/span>\n<\/div>\n<\/div>\n\n\n\n<div style=\"height:20px\" aria-hidden=\"true\" class=\"wp-block-spacer\"><\/div>\n\n\n\n<h2 class=\"wp-block-heading\" id=\"nowy-magazyn-sprzetu\">Neues Ger\u00e4telager<\/h2>\n\n\n\n<p>Am 11. Februar 2022 haben wir ein zweites Lager mit medizinischen und Reha-Ger\u00e4ten er\u00f6ffnet.<\/p>\n\n\n\n<p>Das Lager befindet sich in Cieszyn an der ul.Kasztanowa8.<br>Unser Mietservice kann von jedem Einwohner von Cieszyn und Umgebung genutzt werden, unabh\u00e4ngig von der Krankheit. Die notwendige Ausr\u00fcstung kann w\u00e4hrend des Dienstes im Lager kostenlos ausgeliehen werden: mittwochs von 14:30 &#8211; 16:00 Uhr und donnerstags von 10:30 &#8211; 12:00 Uhr oder telefonisch unter +48 797-353-207<\/p>\n\n\n\n<figure class=\"wp-block-gallery has-nested-images columns-default is-cropped wp-block-gallery-1 is-layout-flex wp-block-gallery-is-layout-flex\">\n<figure class=\"wp-block-image size-large\"><img loading=\"lazy\" decoding=\"async\" width=\"672\" height=\"896\" data-id=\"5502\" src=\"https:\/\/www.hospicjumcieszyn.pl\/wp-content\/uploads\/2022\/02\/273972098_476445790650383_8397889647958038885_n.jpg\" alt=\"\" class=\"wp-image-5502\" srcset=\"https:\/\/www.hospicjumcieszyn.pl\/wp-content\/uploads\/2022\/02\/273972098_476445790650383_8397889647958038885_n.jpg 672w, https:\/\/www.hospicjumcieszyn.pl\/wp-content\/uploads\/2022\/02\/273972098_476445790650383_8397889647958038885_n-272x363.jpg 272w, https:\/\/www.hospicjumcieszyn.pl\/wp-content\/uploads\/2022\/02\/273972098_476445790650383_8397889647958038885_n-545x726.jpg 545w, https:\/\/www.hospicjumcieszyn.pl\/wp-content\/uploads\/2022\/02\/273972098_476445790650383_8397889647958038885_n-180x240.jpg 180w\" sizes=\"(max-width: 672px) 100vw, 672px\" \/><\/figure>\n\n\n\n<figure class=\"wp-block-image size-large\"><img loading=\"lazy\" decoding=\"async\" width=\"672\" height=\"896\" data-id=\"5506\" src=\"https:\/\/www.hospicjumcieszyn.pl\/wp-content\/uploads\/2022\/02\/274356007_1083523355831117_1045782400881957947_n.jpg\" alt=\"\" class=\"wp-image-5506\" srcset=\"https:\/\/www.hospicjumcieszyn.pl\/wp-content\/uploads\/2022\/02\/274356007_1083523355831117_1045782400881957947_n.jpg 672w, https:\/\/www.hospicjumcieszyn.pl\/wp-content\/uploads\/2022\/02\/274356007_1083523355831117_1045782400881957947_n-272x363.jpg 272w, https:\/\/www.hospicjumcieszyn.pl\/wp-content\/uploads\/2022\/02\/274356007_1083523355831117_1045782400881957947_n-545x726.jpg 545w, https:\/\/www.hospicjumcieszyn.pl\/wp-content\/uploads\/2022\/02\/274356007_1083523355831117_1045782400881957947_n-180x240.jpg 180w\" sizes=\"(max-width: 672px) 100vw, 672px\" \/><\/figure>\n\n\n\n<figure class=\"wp-block-image size-large\"><img loading=\"lazy\" decoding=\"async\" width=\"672\" height=\"896\" data-id=\"5511\" src=\"https:\/\/www.hospicjumcieszyn.pl\/wp-content\/uploads\/2022\/02\/273868499_255203533463814_4772511230521921761_n.jpg\" alt=\"\" class=\"wp-image-5511\" srcset=\"https:\/\/www.hospicjumcieszyn.pl\/wp-content\/uploads\/2022\/02\/273868499_255203533463814_4772511230521921761_n.jpg 672w, https:\/\/www.hospicjumcieszyn.pl\/wp-content\/uploads\/2022\/02\/273868499_255203533463814_4772511230521921761_n-272x363.jpg 272w, https:\/\/www.hospicjumcieszyn.pl\/wp-content\/uploads\/2022\/02\/273868499_255203533463814_4772511230521921761_n-545x726.jpg 545w, https:\/\/www.hospicjumcieszyn.pl\/wp-content\/uploads\/2022\/02\/273868499_255203533463814_4772511230521921761_n-180x240.jpg 180w\" sizes=\"(max-width: 672px) 100vw, 672px\" \/><\/figure>\n\n\n\n<figure class=\"wp-block-image size-large\"><img loading=\"lazy\" decoding=\"async\" width=\"672\" height=\"896\" data-id=\"5510\" src=\"https:\/\/www.hospicjumcieszyn.pl\/wp-content\/uploads\/2022\/02\/274221604_1110020916206329_8057223525092551453_n.jpg\" alt=\"\" class=\"wp-image-5510\" srcset=\"https:\/\/www.hospicjumcieszyn.pl\/wp-content\/uploads\/2022\/02\/274221604_1110020916206329_8057223525092551453_n.jpg 672w, https:\/\/www.hospicjumcieszyn.pl\/wp-content\/uploads\/2022\/02\/274221604_1110020916206329_8057223525092551453_n-272x363.jpg 272w, https:\/\/www.hospicjumcieszyn.pl\/wp-content\/uploads\/2022\/02\/274221604_1110020916206329_8057223525092551453_n-545x726.jpg 545w, https:\/\/www.hospicjumcieszyn.pl\/wp-content\/uploads\/2022\/02\/274221604_1110020916206329_8057223525092551453_n-180x240.jpg 180w\" sizes=\"(max-width: 672px) 100vw, 672px\" \/><\/figure>\n\n\n\n<figure class=\"wp-block-image size-large\"><img loading=\"lazy\" decoding=\"async\" width=\"672\" height=\"896\" data-id=\"5508\" src=\"https:\/\/www.hospicjumcieszyn.pl\/wp-content\/uploads\/2022\/02\/273941381_5113686545360908_347240895539801946_n.jpg\" alt=\"\" class=\"wp-image-5508\" srcset=\"https:\/\/www.hospicjumcieszyn.pl\/wp-content\/uploads\/2022\/02\/273941381_5113686545360908_347240895539801946_n.jpg 672w, https:\/\/www.hospicjumcieszyn.pl\/wp-content\/uploads\/2022\/02\/273941381_5113686545360908_347240895539801946_n-272x363.jpg 272w, https:\/\/www.hospicjumcieszyn.pl\/wp-content\/uploads\/2022\/02\/273941381_5113686545360908_347240895539801946_n-545x726.jpg 545w, https:\/\/www.hospicjumcieszyn.pl\/wp-content\/uploads\/2022\/02\/273941381_5113686545360908_347240895539801946_n-180x240.jpg 180w\" sizes=\"(max-width: 672px) 100vw, 672px\" \/><\/figure>\n\n\n\n<figure class=\"wp-block-image size-large\"><img loading=\"lazy\" decoding=\"async\" width=\"672\" height=\"896\" data-id=\"5514\" src=\"https:\/\/www.hospicjumcieszyn.pl\/wp-content\/uploads\/2022\/02\/274068055_336520081723508_8280506273675410346_n.jpg\" alt=\"\" class=\"wp-image-5514\" srcset=\"https:\/\/www.hospicjumcieszyn.pl\/wp-content\/uploads\/2022\/02\/274068055_336520081723508_8280506273675410346_n.jpg 672w, https:\/\/www.hospicjumcieszyn.pl\/wp-content\/uploads\/2022\/02\/274068055_336520081723508_8280506273675410346_n-272x363.jpg 272w, https:\/\/www.hospicjumcieszyn.pl\/wp-content\/uploads\/2022\/02\/274068055_336520081723508_8280506273675410346_n-545x726.jpg 545w, https:\/\/www.hospicjumcieszyn.pl\/wp-content\/uploads\/2022\/02\/274068055_336520081723508_8280506273675410346_n-180x240.jpg 180w\" sizes=\"(max-width: 672px) 100vw, 672px\" \/><\/figure>\n<\/figure>\n\n\n<div id=\"lmm_b4b6977d\" style=\"width:100%;\" class=\"mapsmarker markermap marker-13\">\n<div id=\"lmm_panel_b4b6977d\" class=\"lmm-panel\" style=\"background:#efefef;\">\n<div id=\"lmm_panel_api_b4b6977d\" class=\"lmm-panel-api\"><a href=\"https:\/\/maps.google.com\/maps?daddr=49.738101,18.636739&amp;t=m&amp;layer=1&amp;doflg=ptk&amp;om=0\" target=\"_blank\" title=\"Wegbeschreibung berechnen\"><img loading=\"lazy\" decoding=\"async\" alt=\"icon-car.png\" src=\"https:\/\/www.hospicjumcieszyn.pl\/wp-content\/plugins\/leaflet-maps-marker\/inc\/img\/icon-car.png\" width=\"14\" height=\"14\" class=\"lmm-panel-api-images\" \/><\/a><\/div><div id=\"lmm_panel_text_b4b6977d\" class=\"lmm-panel-text\" style=\"font-weight:bold;color:#373737;\">Magazyn sprz\u0119tu (ul. Kasztanowa 8)<\/div><\/div>\n<div id=\"lmm_map_b4b6977d\" class=\"lmm-map\" style=\"background:#f6f6f6;border:1px solid #ccc;height:500px; overflow:hidden;padding:0;\"><p style=\"font-size:80%;color:#9f9e9e;margin-left:5px;\">Karte wird geladen - bitte warten...<noscript><br\/><strong>Karte konnte nicht geladen werden - bitte aktivieren Sie Javascript!<\/strong><br\/><a style=\"text-decoration:none;\" href=\"https:\/\/www.mapsmarker.com\/js-disabled\" target=\"_blank\">&rarr; Weitere Informationen<\/a><\/noscript><\/p><\/div>\n<div id=\"lmm_geo_tags_b4b6977d\" class=\"lmm-geo-tags geo\">\n<span class=\"paneltext\">Magazyn sprz\u0119tu (ul. Kasztanowa 8)<\/span>\n<span class=\"latitude\">49.738101<\/span>, <span class=\"longitude\">18.636739<\/span>\n<span class=\"popuptext\"><\/span>\n<\/div>\n<\/div>\n","protected":false},"excerpt":{"rendered":"<p>Das Hospiz verf\u00fcgt \u00fcber medizinische Ausr\u00fcstung (darunter Rollst\u00fchle, Sauerstoffkonzentratoren, Anti-Dekubitus-Matratzen, Absaugger\u00e4te, ferngesteuerte Betten, Gehhilfen). Eine kostenlose Ausleihe ist w\u00e4hrend der Sprechzeiten dienstags m\u00f6glich 15.30-16.30 oder nach vorheriger telefonischer Absprache &#8211; 33 8 514 514. F\u00fcr Krebspatienten wird die Ausr\u00fcstung zun\u00e4chst und ohne zeitliche Begrenzung gemietet, f\u00fcr andere Patienten &#8211; f\u00fcr maximal 2 Jahre, sofern wir &#8230; <a title=\"Ger\u00e4telager\" class=\"read-more\" href=\"https:\/\/www.hospicjumcieszyn.pl\/de\/geratelager\/\" aria-label=\"Mehr dazu unter Ger\u00e4telager\">Weiterlesen<\/a><\/p>\n","protected":false},"author":1,"featured_media":5933,"parent":0,"menu_order":0,"comment_status":"closed","ping_status":"closed","template":"","meta":{"footnotes":""},"acf":[],"_links":{"self":[{"href":"https:\/\/www.hospicjumcieszyn.pl\/de\/wp-json\/wp\/v2\/pages\/6662"}],"collection":[{"href":"https:\/\/www.hospicjumcieszyn.pl\/de\/wp-json\/wp\/v2\/pages"}],"about":[{"href":"https:\/\/www.hospicjumcieszyn.pl\/de\/wp-json\/wp\/v2\/types\/page"}],"author":[{"embeddable":true,"href":"https:\/\/www.hospicjumcieszyn.pl\/de\/wp-json\/wp\/v2\/users\/1"}],"replies":[{"embeddable":true,"href":"https:\/\/www.hospicjumcieszyn.pl\/de\/wp-json\/wp\/v2\/comments?post=6662"}],"version-history":[{"count":1,"href":"https:\/\/www.hospicjumcieszyn.pl\/de\/wp-json\/wp\/v2\/pages\/6662\/revisions"}],"predecessor-version":[{"id":6664,"href":"https:\/\/www.hospicjumcieszyn.pl\/de\/wp-json\/wp\/v2\/pages\/6662\/revisions\/6664"}],"wp:featuredmedia":[{"embeddable":true,"href":"https:\/\/www.hospicjumcieszyn.pl\/de\/wp-json\/wp\/v2\/media\/5933"}],"wp:attachment":[{"href":"https:\/\/www.hospicjumcieszyn.pl\/de\/wp-json\/wp\/v2\/media?parent=6662"}],"curies":[{"name":"wp","href":"https:\/\/api.w.org\/{rel}","templated":true}]}}