{"id":1539,"date":"2014-10-11T22:49:40","date_gmt":"2014-10-11T20:49:40","guid":{"rendered":"https:\/\/www.hospicjumcieszyn.pl\/?page_id=1539"},"modified":"2016-07-17T22:32:26","modified_gmt":"2016-07-17T20:32:26","slug":"acknowledgements","status":"publish","type":"page","link":"https:\/\/www.hospicjumcieszyn.pl\/en\/acknowledgements\/","title":{"rendered":"Acknowledgements"},"content":{"rendered":"<p>Donors<\/p>\n<h3>Individuals:<\/h3>\n<ul>\n<li><span style=\"font-family: inherit; line-height: 1.6;\">Andrzej Banert<\/span><\/li>\n<li><span style=\"font-family: inherit; line-height: 1.6;\">Zdzis\u0142aw Bogdanowicz<\/span><\/li>\n<li><span style=\"font-family: inherit; line-height: 1.6;\">Andrzej Bruell<\/span><\/li>\n<li><span style=\"font-family: inherit; line-height: 1.6;\">Ewa Budniak<\/span><\/li>\n<li>Aleksandra i Marek Dr\u00f3\u017cd\u017c<\/li>\n<li><span style=\"font-family: inherit; line-height: 1.6;\">J\u00f3zef Foltyn<\/span><\/li>\n<li>Teresa i Krzysztof G\u0142azowscy<\/li>\n<li><span style=\"font-family: inherit; line-height: 1.6;\">Agnieszka Gociek<\/span><\/li>\n<li><span style=\"font-family: inherit; line-height: 1.6;\">Gabriela Grzybek<\/span><\/li>\n<li><span style=\"font-family: inherit; line-height: 1.6;\">Anna i Andrzej Hampel<\/span><\/li>\n<li><span style=\"font-family: inherit; line-height: 1.6;\">Dorota Janczar<\/span><\/li>\n<li>Anna i Bart\u0142omiej Juroszek<\/li>\n<li>Monika Juroszek<\/li>\n<li><span style=\"font-family: inherit; line-height: 1.6;\">Helena Kania<\/span><\/li>\n<li><span style=\"font-family: inherit; line-height: 1.6;\">Barbara Kantor<\/span><\/li>\n<li>Sebastian Kostka<\/li>\n<li><span style=\"font-family: inherit; line-height: 1.6;\">Magdalena Kotulak<\/span><\/li>\n<li><span style=\"font-family: inherit; line-height: 1.6;\">Agnieszka Kozie\u0142<\/span><\/li>\n<li><span style=\"font-family: inherit; line-height: 1.6;\">Halina i Henryk Kubeczka<\/span><\/li>\n<li><span style=\"font-family: inherit; line-height: 1.6;\">Sylwia Kubeczka<\/span><\/li>\n<li>Katarzyna i S\u0142awomir \u0141agowscy<\/li>\n<li><span style=\"font-family: inherit; line-height: 1.6;\">Maria Michalska<\/span><\/li>\n<li>Renata Milerska-\u017by\u0142a<\/li>\n<li><span style=\"font-family: inherit; line-height: 1.6;\">Jerzy Molin<\/span><\/li>\n<li><span style=\"font-family: inherit; line-height: 1.6;\">Urszula Morcinek<\/span><\/li>\n<li><span style=\"font-family: inherit; line-height: 1.6;\">Eugeniusz Nowak<\/span><\/li>\n<li><span style=\"font-family: inherit; line-height: 1.6;\">Dariusz Orszulik<\/span><\/li>\n<li><span style=\"font-family: inherit; line-height: 1.6;\">Anna O\u017cana<\/span><\/li>\n<li><span style=\"font-family: inherit; line-height: 1.6;\">Maria i Idzi Panic<\/span><\/li>\n<li><span style=\"font-family: inherit; line-height: 1.6;\">Barbara Pe\u0142czy\u0144ska<\/span><\/li>\n<li><span style=\"font-family: inherit; line-height: 1.6;\">El\u017cbieta i Zbigniew Pieczonka<\/span><\/li>\n<li><span style=\"font-family: inherit; line-height: 1.6;\">Emil Pniok<\/span><\/li>\n<li><span style=\"font-family: inherit; line-height: 1.6;\">Jakub Puczek<\/span><\/li>\n<li><span style=\"font-family: inherit; line-height: 1.6;\">Katarzyna Rogalska<\/span><\/li>\n<li>Jagoda i Artur Sikora<\/li>\n<li><span style=\"font-family: inherit; line-height: 1.6;\">Mieczys\u0142awa Ska\u0142ka<\/span><\/li>\n<li><span style=\"font-family: inherit; line-height: 1.6;\">Urszula Sk\u00f3rka<\/span><\/li>\n<li><span style=\"font-family: inherit; line-height: 1.6;\">Waldemar Sobieski<\/span><\/li>\n<li><span style=\"font-family: inherit; line-height: 1.6;\">Jadwiga i J\u00f3zef Swako\u0144<\/span><\/li>\n<li><span style=\"font-family: inherit; line-height: 1.6;\">Jan Szewczyk<\/span><\/li>\n<li><span style=\"font-family: inherit; line-height: 1.6;\">Bronis\u0142aw Szpak<\/span><\/li>\n<li><span style=\"font-family: inherit; line-height: 1.6;\">Pawe\u0142 \u015aliwka<\/span><\/li>\n<li><span style=\"font-family: inherit; line-height: 1.6;\">Romana Szmidt-Kr\u00f3l<\/span><\/li>\n<li>ks. Jakub Tomica<\/li>\n<li><span style=\"font-family: inherit; line-height: 1.6;\">Gertruda i Bronis\u0142aw Urbaczka<\/span><\/li>\n<li><span style=\"font-family: inherit; line-height: 1.6;\">Monika i Micha\u0142 Wira<\/span><\/li>\n<li><span style=\"font-family: inherit; line-height: 1.6;\">Stefania Wojnar<\/span><\/li>\n<li><span style=\"font-family: inherit; line-height: 1.6;\">Hubert i B\u0142a\u017cej \u017bertka<\/span><\/li>\n<li><span style=\"font-family: inherit; line-height: 1.6;\">Piotr \u017by\u0142a<\/span><\/li>\n<li>Katarzyna i Krzysztof Pieciun<\/li>\n<li>Marta i Piotr Foix- Czopi\u0144scy<\/li>\n<li>Janina Gotszling<\/li>\n<\/ul>\n<h3>Firms and institutions:<\/h3>\n<ul>\n<li><span style=\"font-family: inherit; line-height: 1.6;\">II LO im.M.Kopernika w Cieszynie<\/span><\/li>\n<li>ALFA\u00a0 Anna Jurasz Sosnowiec<\/li>\n<li><span style=\"font-family: inherit; line-height: 1.6;\">Zak\u0142ad Budynk\u00f3w Miejskich w Cieszynie<\/span><\/li>\n<li><span style=\"font-family: inherit; line-height: 1.6;\">Starostwo Powiatowe w Cieszynie<\/span><\/li>\n<li><span style=\"font-family: inherit; line-height: 1.6;\">Gmina Cieszyn<\/span><\/li>\n<li><span style=\"font-family: inherit; line-height: 1.6;\">Cafe Muzeum w Cieszynie<\/span><\/li>\n<li><span style=\"font-family: inherit; line-height: 1.6;\">Firma \u201eELSET\u201d &#8211; Cieszyn<\/span><\/li>\n<li><span style=\"font-family: inherit; line-height: 1.6;\">Hurtownia drobiu \u201ePACUT\u201d -Cieszyn<\/span><\/li>\n<li><span style=\"font-family: inherit; line-height: 1.6;\">Firma Handlowo-Produkcyjna AP Polska s.c. ZHIWEI Shen Ustro\u0144<\/span><\/li>\n<li><span style=\"font-family: inherit; line-height: 1.6;\">LAKMA \u2013 Cieszyn<\/span><\/li>\n<li><span style=\"font-family: inherit; line-height: 1.6;\">MIROMETR \u2013 Ba\u017canowice<\/span><\/li>\n<li><span style=\"font-family: inherit; line-height: 1.6;\">Pracownia Geodezyjna \u2013 Wis\u0142a<\/span><\/li>\n<li><span style=\"font-family: inherit; line-height: 1.6;\">WISPOL &#8211; Cieszyn<\/span><\/li>\n<li><span style=\"font-family: inherit; line-height: 1.6;\">\u201eFirma Steps\u201d Nauczanie J\u0119zyka Angielskiego Magdalena Kubeczka<\/span><\/li>\n<li><span style=\"font-family: inherit; line-height: 1.6;\">Sklep Elektryczno-Instalacyjny i W\u0119dkarski Ilona Gomola \u2013 Mnich<\/span><\/li>\n<li><span style=\"font-family: inherit; line-height: 1.6;\">\u201eNiko\u201d Pracownia Reklamy Niko\u0142aj i Danuta Donczew &#8211; Ustro\u0144<\/span><\/li>\n<li><span style=\"font-family: inherit; line-height: 1.6;\">Kwiaciarnia \u201eMariusz\u201d Cieszyn<\/span><\/li>\n<li><span style=\"font-family: inherit; line-height: 1.6;\">Kancelaria Notarialna Halina Klinik Cieszyn<\/span><\/li>\n<li><span style=\"font-family: inherit; line-height: 1.6;\">Hurtownia &#8220;Beskid&#8221;<\/span><\/li>\n<li><span style=\"font-family: inherit; line-height: 1.6;\">Restauracja \u201eTw\u00f3j Zak\u0105tek&#8221; w Cieszynie<\/span><\/li>\n<li>Piotr Gorewoda &#8211; Projektowanie i Nadzory Budowlane<\/li>\n<li>Energetyka Cieszy\u0144ska<\/li>\n<li>Elektrometal S. A. Cieszyn<\/li>\n<li>PPG S. A.<\/li>\n<li>MERKURY MARKET Krosno<\/li>\n<\/ul>\n<p><span id=\"E87\" class=\"qowt-font2-TimesNewRoman\">We would also like to thank all the people who <\/span><span id=\"E88\" class=\"qowt-font2-TimesNewRoman\">donated 1% of their tax to our association.<\/span><\/p>\n","protected":false},"excerpt":{"rendered":"<p>Donors Individuals: Andrzej Banert Zdzis\u0142aw Bogdanowicz Andrzej Bruell Ewa Budniak Aleksandra i Marek Dr\u00f3\u017cd\u017c J\u00f3zef Foltyn Teresa i Krzysztof G\u0142azowscy Agnieszka Gociek Gabriela Grzybek Anna i Andrzej Hampel Dorota Janczar Anna i Bart\u0142omiej Juroszek Monika Juroszek Helena Kania Barbara Kantor Sebastian Kostka Magdalena Kotulak Agnieszka Kozie\u0142 Halina i Henryk Kubeczka Sylwia Kubeczka Katarzyna i S\u0142awomir &#8230; <a title=\"Acknowledgements\" class=\"read-more\" href=\"https:\/\/www.hospicjumcieszyn.pl\/en\/acknowledgements\/\" aria-label=\"More on Acknowledgements\">Read more<\/a><\/p>\n","protected":false},"author":1,"featured_media":10865,"parent":0,"menu_order":0,"comment_status":"closed","ping_status":"closed","template":"","meta":{"footnotes":""},"acf":[],"_links":{"self":[{"href":"https:\/\/www.hospicjumcieszyn.pl\/en\/wp-json\/wp\/v2\/pages\/1539"}],"collection":[{"href":"https:\/\/www.hospicjumcieszyn.pl\/en\/wp-json\/wp\/v2\/pages"}],"about":[{"href":"https:\/\/www.hospicjumcieszyn.pl\/en\/wp-json\/wp\/v2\/types\/page"}],"author":[{"embeddable":true,"href":"https:\/\/www.hospicjumcieszyn.pl\/en\/wp-json\/wp\/v2\/users\/1"}],"replies":[{"embeddable":true,"href":"https:\/\/www.hospicjumcieszyn.pl\/en\/wp-json\/wp\/v2\/comments?post=1539"}],"version-history":[{"count":2,"href":"https:\/\/www.hospicjumcieszyn.pl\/en\/wp-json\/wp\/v2\/pages\/1539\/revisions"}],"predecessor-version":[{"id":2412,"href":"https:\/\/www.hospicjumcieszyn.pl\/en\/wp-json\/wp\/v2\/pages\/1539\/revisions\/2412"}],"wp:featuredmedia":[{"embeddable":true,"href":"https:\/\/www.hospicjumcieszyn.pl\/en\/wp-json\/wp\/v2\/media\/10865"}],"wp:attachment":[{"href":"https:\/\/www.hospicjumcieszyn.pl\/en\/wp-json\/wp\/v2\/media?parent=1539"}],"curies":[{"name":"wp","href":"https:\/\/api.w.org\/{rel}","templated":true}]}}