{"id":1541,"date":"2014-10-11T22:50:48","date_gmt":"2014-10-11T20:50:48","guid":{"rendered":"https:\/\/www.hospicjumcieszyn.pl\/?page_id=1541"},"modified":"2014-10-11T22:50:48","modified_gmt":"2014-10-11T20:50:48","slug":"history","status":"publish","type":"page","link":"https:\/\/www.hospicjumcieszyn.pl\/en\/history\/","title":{"rendered":"History"},"content":{"rendered":"<h2>The world<\/h2>\n<p style=\"text-align: justify;\">The idea of hospice is quite old and it can be traced back to the 4th-5th century when it referred to a place of shelter for the poor. The word \u2018hospes\u2019 in Latin means \u2018a guest\u2019. It can be said that the origin of hospice has its roots in medieval times. At that time, the pilgrimage movement became very popular (Rome, Jerusalem, Santiago de Compostela). The pilgrims found places of refuge in monasteries and inns which also served the ministry of mercy for the sick and the dying. In France those institutions were called the \u2018Shelter of Good God\u2019. The next centuries and the development of medicine resulted in a definitive separation of hospital treatment and social care. The hospice care means an active and versatile care of chronically and progressively ill. Palliative medicine, which aim is to take care of the sick in the advanced stage of cancer, developed on its basis (pallium \u2013 in Latin \u2018a coat\u2019). After WWII the pioneer of hospice movement became an Englishwoman &#8211; Cicely Saunders (1918 \u2013 2005). She was the one, who thanks to her persistence and grit \/ determination started the first hospice in London &#8211; St Christopher\u2019s Hospice (1967), which still exists and operates.<\/p>\n<h2>Poland<\/h2>\n<p style=\"text-align: justify;\">A person very distinguished in nursing in Poland is Hanna Chrzanowska (1902 \u2013 1973) \u2013 a nurse, a holder of Rockefeller Foundation scholarship, a lecturer at the University Nursing School in Cracow. The first hospice \u2013 St. Lazarus Hospice \u2013 was founded in 1981 in Cracow. Today there are about 200 institutions of this kind (including almost 100 groups of home care, 12 day-care centers and over 30 full-time hospices). The dynamic development of hospice and palliative care in the last decades places our country in the European lead.<\/p>\n<h2>Cieszyn<\/h2>\n<p style=\"text-align: justify;\">The idea to found a hospice in \u015al\u0105sk Cieszy\u0144ski (Cieszyn\u2019s Silesia) arouse in 1997. The initiators of this idea were the chaplain of Silesian Hospital in Cieszyn\u2013 priest Miros\u0142aw Szewieczek, Tadeusz Niwi\u0144ski \u2013 a doctor, and evangelical theologist \u2013 Janina Bruell. They served the sick according to their denomination, so from the very beginning it has been an ecumenical initiative. Luke Evangelist Hospice was registered in the district court in Bielsko in 1998. At the beginning a big support was provided by the hospice in Bielsko &#8211; St. Chrisopher Hospice. The town\u2019s authorities showed support by providing a place and grants to train nonmedical volunteers. Our Hospice takes care of people (mainly from our region) suffering from cancers. Apart from medical or nursing help we provide psychological and spiritual support to our patients and their families. A special care is given to children orphaned by our patients. For many years we have also run a storehouse of medical equipment. The work of our volunteers and the goodwill of the local community enables us to organize a lot of various actions and campaigns (Hospice \u2013 it\u2019s also life, Valentine\u2019s Day Concert, The Fields of Hope). Since 2010 our Hospice has been a public benefit organization.<\/p>\n","protected":false},"excerpt":{"rendered":"<p>The world The idea of hospice is quite old and it can be traced back to the 4th-5th century when it referred to a place of shelter for the poor. The word \u2018hospes\u2019 in Latin means \u2018a guest\u2019. It can be said that the origin of hospice has its roots in medieval times. At that &#8230; <a title=\"History\" class=\"read-more\" href=\"https:\/\/www.hospicjumcieszyn.pl\/en\/history\/\" aria-label=\"More on History\">Read more<\/a><\/p>\n","protected":false},"author":1,"featured_media":0,"parent":0,"menu_order":0,"comment_status":"closed","ping_status":"closed","template":"","meta":{"footnotes":""},"acf":[],"_links":{"self":[{"href":"https:\/\/www.hospicjumcieszyn.pl\/en\/wp-json\/wp\/v2\/pages\/1541"}],"collection":[{"href":"https:\/\/www.hospicjumcieszyn.pl\/en\/wp-json\/wp\/v2\/pages"}],"about":[{"href":"https:\/\/www.hospicjumcieszyn.pl\/en\/wp-json\/wp\/v2\/types\/page"}],"author":[{"embeddable":true,"href":"https:\/\/www.hospicjumcieszyn.pl\/en\/wp-json\/wp\/v2\/users\/1"}],"replies":[{"embeddable":true,"href":"https:\/\/www.hospicjumcieszyn.pl\/en\/wp-json\/wp\/v2\/comments?post=1541"}],"version-history":[{"count":1,"href":"https:\/\/www.hospicjumcieszyn.pl\/en\/wp-json\/wp\/v2\/pages\/1541\/revisions"}],"predecessor-version":[{"id":1542,"href":"https:\/\/www.hospicjumcieszyn.pl\/en\/wp-json\/wp\/v2\/pages\/1541\/revisions\/1542"}],"wp:attachment":[{"href":"https:\/\/www.hospicjumcieszyn.pl\/en\/wp-json\/wp\/v2\/media?parent=1541"}],"curies":[{"name":"wp","href":"https:\/\/api.w.org\/{rel}","templated":true}]}}